{"id":190,"date":"2022-07-03T20:01:02","date_gmt":"2022-07-03T18:01:02","guid":{"rendered":"https:\/\/portfolio.almora-digital.fr\/?page_id=190"},"modified":"2022-07-04T21:33:51","modified_gmt":"2022-07-04T19:33:51","slug":"tim-burton","status":"publish","type":"page","link":"https:\/\/portfolio.almora-digital.fr\/index.php\/tim-burton\/","title":{"rendered":"Tim Burton"},"content":{"rendered":"<p>[et_pb_section fb_built=&#8221;1&#8243; admin_label=&#8221;Header&#8221; _builder_version=&#8221;4.17.3&#8243; _module_preset=&#8221;default&#8221; background_color=&#8221;#FFFFFF&#8221; background_image=&#8221;http:\/\/portfolio.almora-digital.fr\/wp-content\/uploads\/2022\/06\/freelance-writer-50.png&#8221; background_size=&#8221;initial&#8221; background_position=&#8221;bottom_center&#8221; overflow-x=&#8221;hidden&#8221; overflow-y=&#8221;hidden&#8221; hover_enabled=&#8221;0&#8243; locked=&#8221;off&#8221; global_colors_info=&#8221;{}&#8221; custom_margin=&#8221;180px||||false|false&#8221; sticky_enabled=&#8221;0&#8243;][et_pb_row _builder_version=&#8221;4.16&#8243; _module_preset=&#8221;default&#8221; global_colors_info=&#8221;{}&#8221;][et_pb_column type=&#8221;4_4&#8243; _builder_version=&#8221;4.16&#8243; _module_preset=&#8221;default&#8221; custom_padding=&#8221;||||false|false&#8221; global_colors_info=&#8221;{}&#8221;][et_pb_image src=&#8221;http:\/\/portfolio.almora-digital.fr\/wp-content\/uploads\/2022\/06\/freelance-writer-11-1.png&#8221; title_text=&#8221;freelance-writer-11-1&#8243; _builder_version=&#8221;4.17.3&#8243; _module_preset=&#8221;default&#8221; positioning=&#8221;absolute&#8221; width=&#8221;100%&#8221; custom_margin=&#8221;||-3px|-25vw|false|false&#8221; global_colors_info=&#8221;{}&#8221;][\/et_pb_image][et_pb_text _builder_version=&#8221;4.17.3&#8243; _module_preset=&#8221;default&#8221; header_font=&#8221;Cutive Mono||||||||&#8221; header_text_color=&#8221;#000000&#8243; header_font_size=&#8221;100px&#8221; header_letter_spacing=&#8221;-0.1em&#8221; header_2_font=&#8221;Cutive||||||||&#8221; header_2_text_color=&#8221;#000000&#8243; header_2_font_size=&#8221;60px&#8221; header_2_line_height=&#8221;1.3em&#8221; z_index=&#8221;1&#8243; header_font_size_tablet=&#8221;64px&#8221; header_font_size_phone=&#8221;32px&#8221; header_font_size_last_edited=&#8221;on|phone&#8221; header_2_font_size_tablet=&#8221;42px&#8221; header_2_font_size_phone=&#8221;30px&#8221; header_2_font_size_last_edited=&#8221;on|tablet&#8221; header_2_line_height_tablet=&#8221;1.5em&#8221; header_2_line_height_phone=&#8221;1.5em&#8221; header_2_line_height_last_edited=&#8221;on|phone&#8221; global_colors_info=&#8221;{}&#8221;]<\/p>\n<h1>Stories of Tim Burton<\/h1>\n<p>[\/et_pb_text][\/et_pb_column][\/et_pb_row][et_pb_row column_structure=&#8221;2_3,1_3&#8243; use_custom_gutter=&#8221;on&#8221; gutter_width=&#8221;1&#8243; _builder_version=&#8221;4.17.3&#8243; _module_preset=&#8221;default&#8221; width=&#8221;100%&#8221; max_width=&#8221;91%&#8221; custom_padding=&#8221;70px|||||&#8221; global_colors_info=&#8221;{}&#8221;][et_pb_column type=&#8221;2_3&#8243; _builder_version=&#8221;4.16&#8243; _module_preset=&#8221;default&#8221; global_colors_info=&#8221;{}&#8221;][et_pb_blurb use_icon=&#8221;on&#8221; font_icon=&#8221;&#xf14a;||fa||400&#8243; icon_color=&#8221;gcid-342b972d-7ca6-44b5-8513-ef03657bbdb4&#8243; icon_placement=&#8221;left&#8221; image_icon_width=&#8221;25px&#8221; content_max_width=&#8221;668px&#8221; _builder_version=&#8221;4.17.3&#8243; _module_preset=&#8221;default&#8221; body_font=&#8221;Cutive||||||||&#8221; body_text_color=&#8221;#000000&#8243; body_font_size=&#8221;18px&#8221; body_line_height=&#8221;1.8em&#8221; custom_margin=&#8221;||13px|||&#8221; global_colors_info=&#8221;{%22gcid-342b972d-7ca6-44b5-8513-ef03657bbdb4%22:%91%22icon_color%22%93}&#8221;]<\/p>\n<p><strong>Contexte :<\/strong> <span>C&#8217;est un projet \u00e9tudiant que nous avons d\u00fb r\u00e9alis\u00e9 en groupe pour le module <strong>motion design<\/strong> de Damien LEMENNAIS.<\/span><\/p>\n<p>[\/et_pb_blurb][et_pb_blurb use_icon=&#8221;on&#8221; font_icon=&#8221;&#xf14a;||fa||400&#8243; icon_color=&#8221;gcid-342b972d-7ca6-44b5-8513-ef03657bbdb4&#8243; icon_placement=&#8221;left&#8221; image_icon_width=&#8221;25px&#8221; content_max_width=&#8221;668px&#8221; _builder_version=&#8221;4.17.3&#8243; _module_preset=&#8221;default&#8221; body_font=&#8221;Cutive||||||||&#8221; body_text_color=&#8221;#000000&#8243; body_font_size=&#8221;18px&#8221; body_line_height=&#8221;1.8em&#8221; custom_margin=&#8221;||13px|||&#8221; global_colors_info=&#8221;{%22gcid-342b972d-7ca6-44b5-8513-ef03657bbdb4%22:%91%22icon_color%22,%22icon_color%22%93}&#8221;]<\/p>\n<p><strong>Objectif :<\/strong> Cr\u00e9ation d&#8217;une courte vid\u00e9o en motion design<\/p>\n<p>[\/et_pb_blurb][et_pb_blurb use_icon=&#8221;on&#8221; font_icon=&#8221;&#xf14a;||fa||400&#8243; icon_color=&#8221;gcid-342b972d-7ca6-44b5-8513-ef03657bbdb4&#8243; icon_placement=&#8221;left&#8221; image_icon_width=&#8221;25px&#8221; content_max_width=&#8221;668px&#8221; _builder_version=&#8221;4.17.3&#8243; _module_preset=&#8221;default&#8221; body_font=&#8221;Cutive||||||||&#8221; body_text_color=&#8221;#000000&#8243; body_font_size=&#8221;18px&#8221; body_line_height=&#8221;1.8em&#8221; custom_margin=&#8221;||13px|||&#8221; global_colors_info=&#8221;{%22gcid-342b972d-7ca6-44b5-8513-ef03657bbdb4%22:%91%22icon_color%22,%22icon_color%22,%22icon_color%22%93}&#8221;]<\/p>\n<p><strong>Logiciel utilis\u00e9 :<\/strong> After Effects<\/p>\n<p>[\/et_pb_blurb][et_pb_blurb use_icon=&#8221;on&#8221; font_icon=&#8221;&#xf14a;||fa||400&#8243; icon_color=&#8221;gcid-342b972d-7ca6-44b5-8513-ef03657bbdb4&#8243; icon_placement=&#8221;left&#8221; image_icon_width=&#8221;25px&#8221; content_max_width=&#8221;668px&#8221; _builder_version=&#8221;4.17.3&#8243; _module_preset=&#8221;default&#8221; body_font=&#8221;Cutive||||||||&#8221; body_text_color=&#8221;#000000&#8243; body_font_size=&#8221;18px&#8221; body_line_height=&#8221;1.8em&#8221; custom_margin=&#8221;||13px|||&#8221; global_colors_info=&#8221;{%22gcid-342b972d-7ca6-44b5-8513-ef03657bbdb4%22:%91%22icon_color%22,%22icon_color%22,%22icon_color%22%93}&#8221;]<\/p>\n<p><strong>Dur\u00e9e :<\/strong> Graphisme 3h &#8211; Sound Design 2h &#8211; Montage 24h<\/p>\n<p>[\/et_pb_blurb][\/et_pb_column][et_pb_column type=&#8221;1_3&#8243; _builder_version=&#8221;4.16&#8243; _module_preset=&#8221;default&#8221; global_colors_info=&#8221;{}&#8221;][\/et_pb_column][\/et_pb_row][et_pb_row _builder_version=&#8221;4.17.3&#8243; _module_preset=&#8221;default&#8221; global_colors_info=&#8221;{}&#8221;][et_pb_column type=&#8221;4_4&#8243; _builder_version=&#8221;4.17.3&#8243; _module_preset=&#8221;default&#8221; global_colors_info=&#8221;{}&#8221;][et_pb_code _builder_version=&#8221;4.17.3&#8243; _module_preset=&#8221;default&#8221; global_colors_info=&#8221;{}&#8221;]<iframe width=\"560\" height=\"315\" src=\"https:\/\/www.youtube.com\/embed\/M-rlhmKAHWU?controls=0\" title=\"YouTube video player\" frameborder=\"0\" allow=\"accelerometer; autoplay; clipboard-write; encrypted-media; gyroscope; picture-in-picture\" allowfullscreen><\/iframe>[\/et_pb_code][\/et_pb_column][\/et_pb_row][et_pb_row _builder_version=&#8221;4.17.3&#8243; _module_preset=&#8221;default&#8221; width=&#8221;100%&#8221; max_width=&#8221;77%&#8221; custom_padding=&#8221;0px|||||&#8221; global_colors_info=&#8221;{}&#8221;][et_pb_column type=&#8221;4_4&#8243; _builder_version=&#8221;4.16&#8243; _module_preset=&#8221;default&#8221; global_colors_info=&#8221;{}&#8221;][et_pb_blurb use_icon=&#8221;on&#8221; font_icon=&#8221;&#xf14a;||fa||400&#8243; icon_color=&#8221;gcid-342b972d-7ca6-44b5-8513-ef03657bbdb4&#8243; icon_placement=&#8221;left&#8221; image_icon_width=&#8221;25px&#8221; content_max_width=&#8221;100%&#8221; _builder_version=&#8221;4.17.3&#8243; _module_preset=&#8221;default&#8221; body_font=&#8221;Cutive||||||||&#8221; body_text_color=&#8221;#000000&#8243; body_font_size=&#8221;18px&#8221; body_line_height=&#8221;1.8em&#8221; custom_margin=&#8221;27px||13px|||&#8221; global_colors_info=&#8221;{%22gcid-342b972d-7ca6-44b5-8513-ef03657bbdb4%22:%91%22icon_color%22,%22icon_color%22,%22icon_color%22%93}&#8221;]<\/p>\n<p><strong>Actions r\u00e9alis\u00e9es :<\/strong><\/p>\n<p><strong><\/strong><\/p>\n<ul>\n<li>R\u00e9alisation du <strong>d\u00e9cor design<\/strong> : chosir le fond des sc\u00e8nes ainsi que les autres \u00e9l\u00e9ments graphiques de ma sc\u00e8ne.<\/li>\n<li><span>Choix du <strong>sound design<\/strong> dans le but de rendre plus r\u00e9aliste toutes les sc\u00e8nes.<\/span><\/li>\n<li><strong>Montage vid\u00e9o<\/strong> avec association des \u00e9l\u00e9ments graphiques et des bruitages.<span><\/span><\/li>\n<\/ul>\n<p>[\/et_pb_blurb][et_pb_icon font_icon=&#8221;&#x22;||divi||400&#8243; icon_color=&#8221;gcid-342b972d-7ca6-44b5-8513-ef03657bbdb4&#8243; _builder_version=&#8221;4.17.3&#8243; _module_preset=&#8221;default&#8221; global_colors_info=&#8221;{%22gcid-342b972d-7ca6-44b5-8513-ef03657bbdb4%22:%91%22icon_color%22%93}&#8221;][\/et_pb_icon][et_pb_code _builder_version=&#8221;4.17.3&#8243; _module_preset=&#8221;default&#8221; global_colors_info=&#8221;{}&#8221;]<div class=\"_df_book df-lite\" id=\"df_193\"  data-title=\"motion-design\" _slug=\"motion-design\" wpoptions=\"true\" thumb=\"http:\/\/portfolio.almora-digital.fr\/wp-content\/uploads\/2022\/07\/Capture-de\u0301cran-2022-07-03-a\u0300-20.07.33.png\" thumbtype=\"bg\" ><p class=\"df-raw-loading\">Please wait while flipbook is loading. For more related info, FAQs and issues please refer to <a href=\"https:\/\/wordpress.org\/plugins\/3d-flipbook-dflip-lite\/#installation\">DearFlip WordPress Flipbook Plugin Help<\/a> documentation.<\/p><\/div><script class=\"df-shortcode-script\" type=\"application\/javascript\">window.option_df_193 = {\"outline\":[],\"forceFit\":\"true\",\"autoEnableOutline\":\"false\",\"autoEnableThumbnail\":\"false\",\"overwritePDFOutline\":\"false\",\"backgroundImage\":\"http:\\\/\\\/portfolio.almora-digital.fr\\\/wp-content\\\/uploads\\\/2022\\\/07\\\/Capture-de\\u0301cran-2022-07-03-a\\u0300-18.19.13.png\",\"direction\":\"1\",\"pageSize\":\"0\",\"source\":\"http:\\\/\\\/portfolio.almora-digital.fr\\\/wp-content\\\/uploads\\\/2022\\\/07\\\/Document-technique-Motion.pdf\",\"wpOptions\":\"true\"}; if(window.DFLIP && window.DFLIP.parseBooks){window.DFLIP.parseBooks();}<\/script>[\/et_pb_code][et_pb_button button_url=&#8221;https:\/\/portfolio.almora-digital.fr\/#projets&#8221; button_text=&#8221;autres projets&#8221; _builder_version=&#8221;4.17.3&#8243; _module_preset=&#8221;default&#8221; custom_button=&#8221;on&#8221; button_text_size=&#8221;14px&#8221; button_text_color=&#8221;#000000&#8243; button_bg_color=&#8221;#ffffff&#8221; button_border_color=&#8221;#000000&#8243; button_border_radius=&#8221;0px&#8221; button_letter_spacing=&#8221;2px&#8221; button_font=&#8221;Ubuntu|700||on|||||&#8221; button_icon=&#8221;&#x24;||divi||400&#8243; custom_margin=&#8221;50px|||||&#8221; custom_margin_tablet=&#8221;30px||50px||false|false&#8221; custom_margin_last_edited=&#8221;off|desktop&#8221; custom_padding=&#8221;15px|40px|15px|40px|true|true&#8221; box_shadow_style=&#8221;preset4&#8243; box_shadow_color=&#8221;#000000&#8243; locked=&#8221;off&#8221; global_colors_info=&#8221;{}&#8221;][\/et_pb_button][\/et_pb_column][\/et_pb_row][\/et_pb_section]<\/p>\n","protected":false},"excerpt":{"rendered":"<p>Stories of Tim BurtonContexte : C&#8217;est un projet \u00e9tudiant que nous avons d\u00fb r\u00e9alis\u00e9 en groupe pour le module motion design de Damien LEMENNAIS.Objectif : Cr\u00e9ation d&#8217;une courte vid\u00e9o en motion designLogiciel utilis\u00e9 : After EffectsDur\u00e9e : Graphisme 3h &#8211; Sound Design 2h &#8211; Montage 24hActions r\u00e9alis\u00e9es : R\u00e9alisation du d\u00e9cor design : chosir le [&hellip;]<\/p>\n","protected":false},"author":1,"featured_media":0,"parent":0,"menu_order":0,"comment_status":"closed","ping_status":"closed","template":"","meta":{"_et_pb_use_builder":"on","_et_pb_old_content":"","_et_gb_content_width":""},"aioseo_notices":[],"_links":{"self":[{"href":"https:\/\/portfolio.almora-digital.fr\/index.php\/wp-json\/wp\/v2\/pages\/190"}],"collection":[{"href":"https:\/\/portfolio.almora-digital.fr\/index.php\/wp-json\/wp\/v2\/pages"}],"about":[{"href":"https:\/\/portfolio.almora-digital.fr\/index.php\/wp-json\/wp\/v2\/types\/page"}],"author":[{"embeddable":true,"href":"https:\/\/portfolio.almora-digital.fr\/index.php\/wp-json\/wp\/v2\/users\/1"}],"replies":[{"embeddable":true,"href":"https:\/\/portfolio.almora-digital.fr\/index.php\/wp-json\/wp\/v2\/comments?post=190"}],"version-history":[{"count":5,"href":"https:\/\/portfolio.almora-digital.fr\/index.php\/wp-json\/wp\/v2\/pages\/190\/revisions"}],"predecessor-version":[{"id":319,"href":"https:\/\/portfolio.almora-digital.fr\/index.php\/wp-json\/wp\/v2\/pages\/190\/revisions\/319"}],"wp:attachment":[{"href":"https:\/\/portfolio.almora-digital.fr\/index.php\/wp-json\/wp\/v2\/media?parent=190"}],"curies":[{"name":"wp","href":"https:\/\/api.w.org\/{rel}","templated":true}]}}